{"id":15,"date":"2020-04-27T11:06:59","date_gmt":"2020-04-27T11:06:59","guid":{"rendered":"https:\/\/drift.co.it.pt\/?page_id=15"},"modified":"2021-04-13T12:16:27","modified_gmt":"2021-04-13T12:16:27","slug":"publicacoes","status":"publish","type":"page","link":"https:\/\/drift.co.it.pt\/?page_id=15","title":{"rendered":"Publications"},"content":{"rendered":"\n<div class=\"wp-block-columns alignfull are-vertically-aligned-center\">\n<div class=\"wp-block-column is-vertically-aligned-center\" style=\"flex-basis:100%\"><! ========= Cool Timeline Free 2.1 =========><div class=\"cool_timeline cool-timeline-wrapper both-sided-wrapper white-timeline-wrapper default-skin-tm\"><h1 class=\"timeline-main-title center-block\"> <\/h1><div class=\"cool-timeline white-timeline ultimate-style both-sided-wrapper vertical \"><div data-animations=\"fade-up\"  id=\"ctl-free-one\" class=\"cooltimeline_cont  clearfix icons_no\"><div  data-aos=\"fade-up\"  class=\"timeline-year scrollable-section\"\r\n\t\t\t\t\t\tdata-section-title=\"2022\" id=\"clt-2022\">\r\n\t\t\t\t\t\t<div class=\"icon-placeholder\"><span class=\"ctl-timeline-date\">2022<\/span><\/div>\r\n\t\t\t\t\t\t<div class=\"timeline-bar\"><\/div>\r\n\t\t\t\t\t\t<\/div><!-- .timeline-post-start--><div  class=\"timeline-post even light-grey-post icons_no  default-skin\"  id=\"story-957\"><div  data-aos=\"fade-up\" class=\"timeline-meta\"><div class=\"meta-details\">January 31<\/div><\/div><div  data-aos=\"fade-up\" class=\"timeline-icon icon-dot-full\"><div class=\"timeline-bar\"><\/div><\/div><div  data-aos=\"fade-up\" class=\"timeline-content clearfix\"><h2 class=\"content-title\">Online Filter Parameters Estimation in a Double Conversion UPS System for Real-Time Model Predictive Control Performance Optimization<\/h2><div class=\"ctl_info event-description \"><div class=\"content-details\">Tiago J. L. Oliveira, Lu\u00eds M. A. Caseiro, Andr\u00e9 M. S. Mendes, S\u00e9rgio M. A. Cruz,\r\nMarina S. Perdig\u00e3o\r\n\r\n<hr>\r\n\r\n<b>Published in: <\/b>IEEE <em>Access, vol. 10,<\/em>\r\n\r\n<hr>\r\n\r\n<span style=\"font-size: 12pt;\"><strong _ngcontent-c10=\"\">DOI: <\/strong><a href=\"https:\/\/doi.org\/10.1109\/ACCESS.2022.3159968\">https:\/\/doi.org\/10.1109\/ACCESS.2022.3159968<\/a><\/span><\/div><\/div><\/div><!-- timeline content --><\/div><!-- .timeline-post-end --><!-- .timeline-post-start--><div  class=\"timeline-post odd light-grey-post icons_no  default-skin\"  id=\"story-955\"><div  data-aos=\"fade-up\" class=\"timeline-meta\"><div class=\"meta-details\">January 31<\/div><\/div><div  data-aos=\"fade-up\" class=\"timeline-icon icon-dot-full\"><div class=\"timeline-bar\"><\/div><\/div><div  data-aos=\"fade-up\" class=\"timeline-content clearfix\"><h2 class=\"content-title\">Prototyping Power Electronics Systems with Zynq-based boards using Matlab\/Simulink \u2013 A Complete Methodology<\/h2><div class=\"ctl_info event-description \"><div class=\"content-details\"><p>Lu\u00eds Caseiro, Diogo Caires, Andr\u00e9 Mendes<\/p>\n<hr>\n<p><span style=\"font-size: 12pt;\"><strong _ngcontent-c10=\"\">Published in: <\/strong>MDPI Electronics 2022<\/span><\/p>\n<hr>\n<p><span style=\"font-size: 12pt;\"><strong _ngcontent-c10=\"\">DOI:&nbsp;<\/strong><a href=\"https:\/\/doi.org\/10.3390\/electronics11071130\">https:\/\/doi.org\/10.3390\/electronics11071130<\/a><\/span><\/p>\n<\/div><\/div><\/div><!-- timeline content --><\/div><!-- .timeline-post-end --><div  data-aos=\"fade-up\"  class=\"timeline-year scrollable-section\"\r\n\t\t\t\t\t\tdata-section-title=\"2021\" id=\"clt-2021\">\r\n\t\t\t\t\t\t<div class=\"icon-placeholder\"><span class=\"ctl-timeline-date\">2021<\/span><\/div>\r\n\t\t\t\t\t\t<div class=\"timeline-bar\"><\/div>\r\n\t\t\t\t\t\t<\/div><!-- .timeline-post-start--><div  class=\"timeline-post even light-grey-post icons_no  default-skin\"  id=\"story-951\"><div  data-aos=\"fade-up\" class=\"timeline-meta\"><div class=\"meta-details\">September 8<\/div><\/div><div  data-aos=\"fade-up\" class=\"timeline-icon icon-dot-full\"><div class=\"timeline-bar\"><\/div><\/div><div  data-aos=\"fade-up\" class=\"timeline-content clearfix\"><h2 class=\"content-title\">Parallel of Three-Phase Inverters for Modular UPS Systems<\/h2><div class=\"ctl_info event-description \"><div class=\"content-details\"><p><span style=\"font-size: 12pt;\">Hugo Alexandre Mota Lisboa<\/span><\/p>\n<hr>\n<p><span style=\"font-size: 12pt;\">MSc Thesis<\/span><\/p>\n<hr>\n<p><span style=\"font-size: 12pt;\">URI: <a href=\"http:\/\/hdl.handle.net\/10316\/96071\">http:\/\/hdl.handle.net\/10316\/96071<\/a><\/span><\/p>\n<\/div><\/div><\/div><!-- timeline content --><\/div><!-- .timeline-post-end --><!-- .timeline-post-start--><div  class=\"timeline-post odd light-grey-post icons_no  default-skin\"  id=\"story-857\"><div  data-aos=\"fade-up\" class=\"timeline-meta\"><div class=\"meta-details\">April 18<\/div><\/div><div  data-aos=\"fade-up\" class=\"timeline-icon icon-dot-full\"><div class=\"timeline-bar\"><\/div><\/div><div  data-aos=\"fade-up\" class=\"timeline-content clearfix\"><h2 class=\"content-title\">Fault Analysis and Non-Redundant Fault Tolerance in 3-Level Double Conversion UPS Systems Using Finite-Control-Set Model Predictive Control<\/h2><div class=\"ctl_info event-description \"><div class=\"content-details\"><p><span style=\"font-size: 12pt;\">L. Caseiro,&nbsp;A. M. S. Mendes<\/span><\/p>\n<hr>\n<p><span style=\"font-size: 12pt;\"><strong _ngcontent-c10=\"\">Published in: <\/strong>Energies ( Volume 14, Issue: 8, April 2021 )<\/span><\/p>\n<hr>\n<p><span style=\"font-size: 12pt;\"><strong _ngcontent-c10=\"\">DOI: <\/strong><a href=\"https:\/\/doi.org\/10.3390\/en14082210\">https:\/\/doi.org\/10.3390\/en14082210<\/a><\/span><\/p>\n<\/div><\/div><\/div><!-- timeline content --><\/div><!-- .timeline-post-end --><!-- .timeline-post-start--><div  class=\"timeline-post even light-grey-post icons_no  default-skin\"  id=\"story-859\"><div  data-aos=\"fade-up\" class=\"timeline-meta\"><div class=\"meta-details\">April 18<\/div><\/div><div  data-aos=\"fade-up\" class=\"timeline-icon icon-dot-full\"><div class=\"timeline-bar\"><\/div><\/div><div  data-aos=\"fade-up\" class=\"timeline-content clearfix\"><h2 class=\"content-title\">Model Predictive Control for Paralleled Uninterruptible Power Supplies with an Additional Inverter Leg for Load-Side Neutral Connection<\/h2><div class=\"ctl_info event-description \"><div class=\"content-details\"><p>T. Oliveira,<span>&nbsp;<\/span><span><\/span>L. Caseiro,<span>&nbsp;<\/span><span><\/span>A. M. S. Mendes,<span>&nbsp;<\/span><span><\/span>S. M. A. Cruz,<span>&nbsp;<\/span><span><\/span>M. Perdig\u00e3o<\/p>\n<hr>\n<p><span style=\"font-size: 12pt;\"><strong _ngcontent-c10=\"\">Published in: <\/strong>Energies ( Volume 14, Issue: 8, April 2021 )<\/span><\/p>\n<hr>\n<p><span style=\"font-size: 12pt;\"><strong _ngcontent-c10=\"\">DOI: <\/strong><a href=\"https:\/\/www.mdpi.com\/1996-1073\/14\/8\/2270\">https:\/\/doi.org\/10.3390\/en14082270&nbsp;<\/a><\/span><\/p>\n<\/div><\/div><\/div><!-- timeline content --><\/div><!-- .timeline-post-end --><!-- .timeline-post-start--><div  class=\"timeline-post odd light-grey-post icons_no  default-skin\"  id=\"story-555\"><div  data-aos=\"fade-up\" class=\"timeline-meta\"><div class=\"meta-details\">March 26<\/div><\/div><div  data-aos=\"fade-up\" class=\"timeline-icon icon-dot-full\"><div class=\"timeline-bar\"><\/div><\/div><div  data-aos=\"fade-up\" class=\"timeline-content clearfix\"><h2 class=\"content-title\">Fault Diagnosis of Parallel Connected Uninterruptible Power Supplies<\/h2><div class=\"ctl_info event-description \"><div class=\"content-details\"><p><span style=\"font-size: 12pt;\">Tiago Miguel Correia Baptista<\/span><\/p>\n<hr>\n<p><span style=\"font-size: 12pt;\">MSc Thesis<\/span><\/p>\n<hr>\n<p><span style=\"font-size: 12pt;\">URI: <a href=\"http:\/\/hdl.handle.net\/10316\/95356\">http:\/\/hdl.handle.net\/10316\/95356<\/a><\/span><\/p>\n<\/div><\/div><\/div><!-- timeline content --><\/div><!-- .timeline-post-end --><!-- .timeline-post-start--><div  class=\"timeline-post even light-grey-post icons_no  default-skin\"  id=\"story-553\"><div  data-aos=\"fade-up\" class=\"timeline-meta\"><div class=\"meta-details\">March 11<\/div><\/div><div  data-aos=\"fade-up\" class=\"timeline-icon icon-dot-full\"><div class=\"timeline-bar\"><\/div><\/div><div  data-aos=\"fade-up\" class=\"timeline-content clearfix\"><h2 class=\"content-title\">Model Predictive Control for paralleled UPS systems with load-side neutral wire<\/h2><div class=\"ctl_info event-description \"><div class=\"content-details\"><p><span style=\"font-size: 12pt;\">Tiago Oliveira ; Tiago Baptista; Lu\u00eds&nbsp; Caseiro ; Andr\u00e9&nbsp; Mendes ; S\u00e9rgio Cruz ; Marina Perdig\u00e3o<\/span><\/p>\n<hr>\n<p><span style=\"font-size: 12pt;\"><strong _ngcontent-c10=\"\">Published in: <\/strong>IEEE International Conference on Industrial Technology &#8211; ICITT&nbsp; 2021, March 2021.<\/span><\/p>\n<hr>\n<p><span style=\"font-size: 12pt;\"><strong _ngcontent-c10=\"\">DOI: <\/strong><a href=\"https:\/\/doi.org\/10.1109\/ICIT46573.2021.9453668\">https:\/\/doi.org\/10.1109\/ICIT46573.2021.9453668&nbsp;<\/a><\/span><\/p>\n<\/div><\/div><\/div><!-- timeline content --><\/div><!-- .timeline-post-end --><!-- .timeline-post-start--><div  class=\"timeline-post odd light-grey-post icons_no  default-skin\"  id=\"story-552\"><div  data-aos=\"fade-up\" class=\"timeline-meta\"><div class=\"meta-details\">February 10<\/div><\/div><div  data-aos=\"fade-up\" class=\"timeline-icon icon-dot-full\"><div class=\"timeline-bar\"><\/div><\/div><div  data-aos=\"fade-up\" class=\"timeline-content clearfix\"><h2 class=\"content-title\">Online estimation of passive elements in a double conversion UPS system with no additional sensors<\/h2><div class=\"ctl_info event-description \"><div class=\"content-details\"><p>Tiago Oliveira ; Tiago Baptista; Lu\u00eds&nbsp; Caseiro ; Andr\u00e9&nbsp; Mendes ; S\u00e9rgio Cruz ; Marina Perdig\u00e3o<\/p>\n<hr>\n<p><span style=\"font-size: 12pt;\"><strong _ngcontent-c10=\"\">Published in: <\/strong><span>Conference on Telecommunications &#8211; ConfTele 2021<\/span>, <span>February&nbsp;<\/span>2021.<\/span><\/p>\n<hr>\n<p><span style=\"font-size: 12pt;\"><strong _ngcontent-c10=\"\">DOI:<\/strong><a href=\"https:\/\/doi.org\/10.1109\/conftele50222.2021.9435589\">https:\/\/doi.org\/10.1109\/conftele50222.2021.9435589<\/a><\/span><\/p>\n<\/div><\/div><\/div><!-- timeline content --><\/div><!-- .timeline-post-end --><div  data-aos=\"fade-up\"  class=\"timeline-year scrollable-section\"\r\n\t\t\t\t\t\tdata-section-title=\"2020\" id=\"clt-2020\">\r\n\t\t\t\t\t\t<div class=\"icon-placeholder\"><span class=\"ctl-timeline-date\">2020<\/span><\/div>\r\n\t\t\t\t\t\t<div class=\"timeline-bar\"><\/div>\r\n\t\t\t\t\t\t<\/div><!-- .timeline-post-start--><div  class=\"timeline-post even light-grey-post icons_no  default-skin\"  id=\"story-550\"><div  data-aos=\"fade-up\" class=\"timeline-meta\"><div class=\"meta-details\">July 9<\/div><\/div><div  data-aos=\"fade-up\" class=\"timeline-icon icon-dot-full\"><div class=\"timeline-bar\"><\/div><\/div><div  data-aos=\"fade-up\" class=\"timeline-content clearfix\"><h2 class=\"content-title\">Switching frequency reduction for efficiency optimization in two paralleled UPS systems209<\/h2><div class=\"ctl_info event-description \"><div class=\"content-details\"><p>Tiago Oliveira ; Lu\u00eds&nbsp; Caseiro ; Andr\u00e9&nbsp; Mendes ; S\u00e9rgio Cruz ; Marina Perdig\u00e3o<\/p>\n<hr>\n<p><span style=\"font-size: 12pt;\"><strong _ngcontent-c10=\"\">Published in: <\/strong>2020 IEEE 14th International Conference on Compatibility, Power Electronics and Power Engineering (CPE-POWERENG), July 2020.<\/span><\/p>\n<hr>\n<p><span style=\"font-size: 12pt;\"><strong _ngcontent-c10=\"\">DOI:<\/strong><a href=\"https:\/\/doi.org\/10.1109\/CPE-POWERENG48600.2020.9161560\">10.1109\/CPE-POWERENG48600.2020.9161560<\/a><\/span><\/p>\n<\/div><\/div><\/div><!-- timeline content --><\/div><!-- .timeline-post-end --><!-- .timeline-post-start--><div  class=\"timeline-post odd light-grey-post icons_no  default-skin\"  id=\"story-507\"><div  data-aos=\"fade-up\" class=\"timeline-meta\"><div class=\"meta-details\">July 3<\/div><\/div><div  data-aos=\"fade-up\" class=\"timeline-icon icon-dot-full\"><div class=\"timeline-bar\"><\/div><\/div><div  data-aos=\"fade-up\" class=\"timeline-content clearfix\"><h2 class=\"content-title\">Finite Control Set Model Predictive Control for Paralleled Uninterruptible Power Supplies<\/h2><div class=\"ctl_info event-description \"><div class=\"content-details\"><p>Tiago Oliveira, Lu\u00eds Caseiro , Andr\u00e9 Mendes and S\u00e9rgio Cruz<\/p>\n<hr>\n<p><span style=\"font-size: 12pt;\"><strong _ngcontent-c10=\"\">Published in:&nbsp;<\/strong>Energies ( Volume: 13 , Issue: 13 , July 2020 )<\/span><\/p>\n<hr>\n<p><span style=\"font-size: 12pt;\"><strong _ngcontent-c10=\"\">DOI:<\/strong><a href=\"https:\/\/doi.org\/10.3390\/en13133453\">10.3390\/en13133453<\/a><\/span><\/p>\n<\/div><\/div><\/div><!-- timeline content --><\/div><!-- .timeline-post-end --><!-- .timeline-post-start--><div  class=\"timeline-post even light-grey-post icons_no  default-skin\"  id=\"story-242\"><div  data-aos=\"fade-up\" class=\"timeline-meta\"><div class=\"meta-details\">June 6<\/div><\/div><div  data-aos=\"fade-up\" class=\"timeline-icon icon-dot-full\"><div class=\"timeline-bar\"><\/div><\/div><div  data-aos=\"fade-up\" class=\"timeline-content clearfix\"><h2 class=\"content-title\">Cooperative and Dynamically Weighted Model Predictive Control of a 3-Level Uninterruptible Power Supply With Improved Performance and Dynamic Response<\/h2><div class=\"ctl_info event-description \"><div class=\"content-details\"><p><span style=\"font-size: 12pt;\">Lu\u00eds Caseiro, Andr\u00e9 Mendes, S\u00e9rgio Cruz<\/span><\/p>\n<hr>\n<p><span style=\"font-size: 12pt;\"><strong _ngcontent-c10=\"\">Published in:&nbsp;<\/strong>IEEE Transactions on Industrial Electronics&nbsp;(&nbsp;Volume: 67&nbsp;,&nbsp;Issue: 6&nbsp;, June 2020&nbsp;)<\/span><\/p>\n<hr>\n<p><span style=\"font-size: 12pt;\"><strong _ngcontent-c10=\"\">DOI:&nbsp;<\/strong><a append-to-href=\"?src=document\" target=\"_blank\" href=\"https:\/\/doi.org\/10.1109\/TIE.2019.2921283\" rel=\"noopener noreferrer\">10.1109\/TIE.2019.2921283<\/a><\/span><\/p>\n<\/div><\/div><\/div><!-- timeline content --><\/div><!-- .timeline-post-end --><div  data-aos=\"fade-up\"  class=\"timeline-year scrollable-section\"\r\n\t\t\t\t\t\tdata-section-title=\"2019\" id=\"clt-2019\">\r\n\t\t\t\t\t\t<div class=\"icon-placeholder\"><span class=\"ctl-timeline-date\">2019<\/span><\/div>\r\n\t\t\t\t\t\t<div class=\"timeline-bar\"><\/div>\r\n\t\t\t\t\t\t<\/div><!-- .timeline-post-start--><div  class=\"timeline-post odd light-grey-post icons_no  default-skin\"  id=\"story-139\"><div  data-aos=\"fade-up\" class=\"timeline-meta\"><div class=\"meta-details\">December 9<\/div><\/div><div  data-aos=\"fade-up\" class=\"timeline-icon icon-dot-full\"><div class=\"timeline-bar\"><\/div><\/div><div  data-aos=\"fade-up\" class=\"timeline-content clearfix\"><h2 class=\"content-title\">Load-sharing between two paralleled UPS systems using Model Predictive Control<\/h2><div class=\"ctl_info event-description \"><div class=\"content-details\"><p><span style=\"font-size: 12pt;\">Tiago Oliveira, Lu\u00eds Caseiro, Andr\u00e9 Mendes<\/span><\/p>\n<hr>\n<p><span style=\"font-size: 12pt;\"><strong>Published in:&nbsp;<\/strong>IECON 2019 &#8211; 45th Annual Conference of the IEEE Industrial Electronics Society<\/span><\/p>\n<hr>\n<p><span style=\"font-size: 12pt;\"><strong _ngcontent-c10=\"\">DOI:&nbsp;<\/strong><a append-to-href=\"?src=document\" target=\"_blank\" href=\"https:\/\/doi.org\/10.1109\/IECON.2019.8927013\" rel=\"noopener noreferrer\">10.1109\/IECON.2019.8927013<\/a><\/span><\/p>\n<\/div><\/div><\/div><!-- timeline content --><\/div><!-- .timeline-post-end --><!-- .timeline-post-start--><div  class=\"timeline-post even light-grey-post icons_no  default-skin\"  id=\"story-246\"><div  data-aos=\"fade-up\" class=\"timeline-meta\"><div class=\"meta-details\">September 25<\/div><\/div><div  data-aos=\"fade-up\" class=\"timeline-icon icon-dot-full\"><div class=\"timeline-bar\"><\/div><\/div><div  data-aos=\"fade-up\" class=\"timeline-content clearfix\"><h2 class=\"content-title\">Development of a digital platform with interface to Matlab \/ Simulink for power converters control<\/h2><div class=\"ctl_info event-description \"><div class=\"content-details\"><p><span style=\"font-size: 12pt;\">Diogo Henrique de Castro Caires<\/span><\/p>\n<hr>\n<p><span style=\"font-size: 12pt;\">MSc Thesis<\/span><\/p>\n<hr>\n<p><span style=\"font-size: 12pt;\">URI: <a href=\"http:\/\/hdl.handle.net\/10316\/88022\">http:\/\/hdl.handle.net\/10316\/88022<\/a><\/span><\/p>\n<\/div><\/div><\/div><!-- timeline content --><\/div><!-- .timeline-post-end --><!-- .timeline-post-start--><div  class=\"timeline-post odd light-grey-post icons_no  default-skin\"  id=\"story-244\"><div  data-aos=\"fade-up\" class=\"timeline-meta\"><div class=\"meta-details\">September 20<\/div><\/div><div  data-aos=\"fade-up\" class=\"timeline-icon icon-dot-full\"><div class=\"timeline-bar\"><\/div><\/div><div  data-aos=\"fade-up\" class=\"timeline-content clearfix\"><h2 class=\"content-title\">Model Predictive Control of Parallel-Connected Uninterruptible Power Supplies<\/h2><div class=\"ctl_info event-description \"><div class=\"content-details\"><p><span style=\"font-size: 12pt;\">Tiago Oliveira<\/span><\/p>\n<hr>\n<p><span style=\"font-size: 12pt;\">MSc Thesis<\/span><\/p>\n<hr>\n<p><span style=\"font-size: 12pt;\"><a href=\"http:\/\/hdl.handle.net\/10316\/87999\"><\/a>URI: <a href=\"http:\/\/hdl.handle.net\/10316\/87999\">http:\/\/hdl.handle.net\/10316\/87999<\/a><\/span><\/p>\n<\/div><\/div><\/div><!-- timeline content --><\/div><!-- .timeline-post-end --><\/div><div class=\"clearfix\"><\/div><\/div> <\/div><!-- end\r\n \t\t================================================== --><\/div>\n<\/div>\n\n\n\n<div class=\"wp-block-group alignwide\"><div class=\"wp-block-group__inner-container\">\n<div class=\"wp-block-columns\">\n<div class=\"wp-block-column\" style=\"flex-basis:100%\">\n<div class=\"wp-block-group\"><div class=\"wp-block-group__inner-container\"><\/div><\/div>\n<\/div>\n<\/div>\n<\/div><\/div>\n","protected":false},"excerpt":{"rendered":"","protected":false},"author":1,"featured_media":0,"parent":0,"menu_order":0,"comment_status":"closed","ping_status":"closed","template":"","meta":{"ngg_post_thumbnail":0},"uagb_featured_image_src":{"full":false,"thumbnail":false,"medium":false,"medium_large":false,"large":false,"1536x1536":false,"2048x2048":false,"hestia-blog":false,"team-thumb":false},"uagb_author_info":{"display_name":"admin","author_link":"https:\/\/drift.co.it.pt\/?author=1"},"uagb_comment_info":0,"uagb_excerpt":null,"_links":{"self":[{"href":"https:\/\/drift.co.it.pt\/index.php?rest_route=\/wp\/v2\/pages\/15"}],"collection":[{"href":"https:\/\/drift.co.it.pt\/index.php?rest_route=\/wp\/v2\/pages"}],"about":[{"href":"https:\/\/drift.co.it.pt\/index.php?rest_route=\/wp\/v2\/types\/page"}],"author":[{"embeddable":true,"href":"https:\/\/drift.co.it.pt\/index.php?rest_route=\/wp\/v2\/users\/1"}],"replies":[{"embeddable":true,"href":"https:\/\/drift.co.it.pt\/index.php?rest_route=%2Fwp%2Fv2%2Fcomments&post=15"}],"version-history":[{"count":53,"href":"https:\/\/drift.co.it.pt\/index.php?rest_route=\/wp\/v2\/pages\/15\/revisions"}],"predecessor-version":[{"id":637,"href":"https:\/\/drift.co.it.pt\/index.php?rest_route=\/wp\/v2\/pages\/15\/revisions\/637"}],"wp:attachment":[{"href":"https:\/\/drift.co.it.pt\/index.php?rest_route=%2Fwp%2Fv2%2Fmedia&parent=15"}],"curies":[{"name":"wp","href":"https:\/\/api.w.org\/{rel}","templated":true}]}}