{"id":252,"date":"2020-04-29T09:42:22","date_gmt":"2020-04-29T09:42:22","guid":{"rendered":"https:\/\/drift.co.it.pt\/?page_id=252"},"modified":"2021-10-07T09:48:25","modified_gmt":"2021-10-07T09:48:25","slug":"demo-mapa","status":"publish","type":"page","link":"https:\/\/drift.co.it.pt\/?page_id=252","title":{"rendered":"Contacts"},"content":{"rendered":"\n<p class=\"has-text-align-center\">IT \u2013 Coimbra<br>Department of Electrical and Computer Engineering<br>P-3030-290 COIMBRA<\/p>\n\n\n\n<hr class=\"wp-block-separator\"\/>\n\n\n\n<p class=\"has-text-align-center\">Phone: +351 239 796 236   Fax: +351 239 796 236   Email:\u00a0<a href=\"mailto:it@co.it.pt\">it@co.it.pt<\/a><\/p>\n\n\n\n<hr class=\"wp-block-separator\"\/>\n\n\n\n<h4 class=\"has-text-align-center\">Team member contacts:<\/h4>\n\n\n\n<p class=\"has-text-align-center\">Prof. Andr\u00e9 Mendes (Principal Investigator) : <a rel=\"noreferrer noopener\" href=\"mailto:amsmendes@co.it.pt\" target=\"_blank\">amsmendes@co.it.pt<\/a><br>Prof. Marina Perdig\u00e3o (co-Principal Investigator) : <a rel=\"noreferrer noopener\" href=\"mailto:mperdigao@co.it.pt\" target=\"_blank\">mperdigao@co.it.pt<\/a><br>Lu\u00eds Caseiro (main researcher) : <a rel=\"noreferrer noopener\" href=\"mailto:lcaseiro@co.it.pt\" target=\"_blank\">lcaseiro@co.it.pt<\/a><br>Prof. S\u00e9rgio Cruz : <a rel=\"noreferrer noopener\" href=\"mailto:smacruz@co.it.pt\" target=\"_blank\">smacruz@co.it.pt<\/a><\/p>\n\n\n\n<hr class=\"wp-block-separator has-text-color has-background has-accent-background-color has-accent-color is-style-wide\"\/>\n\n\n\n<div class=\"wp-block-themeisle-blocks-advanced-columns alignfull has-2-columns has-desktop-oneTwo-layout has-tablet-equal-layout has-mobile-collapsedRows-layout has-nogap-gap has-vertical-unset\" id=\"wp-block-themeisle-blocks-advanced-columns-07538028\"><div class=\"wp-block-themeisle-blocks-advanced-columns-overlay\"><\/div><div class=\"innerblocks-wrap\">\n<div class=\"wp-block-themeisle-blocks-advanced-column\" id=\"wp-block-themeisle-blocks-advanced-column-588d279a\">\n<div id=\"wpgmza_map\" class=\"wpgmza_map\" data-settings='{\"id\":\"1\",\"map_title\":\"IT localization\",\"map_width\":\"100\",\"map_height\":\"250\",\"map_start_lat\":\"40.186612\",\"map_start_lng\":\"-8.417138\",\"map_start_location\":\"40.18661231278722,-8.417138349593266\",\"map_start_zoom\":\"15\",\"default_marker\":\"0\",\"type\":\"3\",\"alignment\":\"2\",\"directions_enabled\":\"1\",\"styling_enabled\":\"0\",\"styling_json\":\"\",\"active\":\"0\",\"kml\":\"\",\"bicycle\":\"0\",\"traffic\":\"0\",\"dbox\":\"1\",\"dbox_width\":\"100\",\"listmarkers\":\"0\",\"listmarkers_advanced\":\"0\",\"filterbycat\":\"0\",\"ugm_enabled\":\"0\",\"ugm_category_enabled\":\"0\",\"fusion\":\"\",\"map_width_type\":\"\\\\%\",\"map_height_type\":\"px\",\"mass_marker_support\":\"1\",\"ugm_access\":\"0\",\"order_markers_by\":\"1\",\"order_markers_choice\":\"2\",\"show_user_location\":\"0\",\"default_to\":\"\",\"other_settings\":{\"store_locator_enabled\":2,\"store_locator_distance\":2,\"store_locator_default_radius\":10,\"store_locator_not_found_message\":\"No results found in this location. Please try again.\",\"store_locator_bounce\":1,\"store_locator_query_string\":\"CEP \\\/ Endere\\u00e7o:\",\"store_locator_default_address\":\"\",\"wpgmza_store_locator_restrict\":\"\",\"wpgmza_store_locator_radius_style\":\"modern\",\"map_max_zoom\":\"1\",\"transport_layer\":0,\"wpgmza_show_points_of_interest\":0,\"wpgmza_auto_night\":0}}' data-map-id='1' Data-maps-engine='open-layers' data-shortcode-attributes='{\"id\":\"1\"}' style=\"display:block; overflow:auto; width:100%; height:250px; float:left;\"><\/div>\n<\/div>\n\n\n\n<div class=\"wp-block-themeisle-blocks-advanced-column\" id=\"wp-block-themeisle-blocks-advanced-column-9b59953f\">\n<h2 id=\"wp-block-themeisle-blocks-advanced-heading-90e053c2\" class=\"wp-block-themeisle-blocks-advanced-heading wp-block-themeisle-blocks-advanced-heading-90e053c2\">Location<\/h2>\n\n\n\n<p>The Coimbra IT is located on the 2nd floor of the Electrical and Computer Engineering Department (DEEC), in pole II of University of Coimbra (UC).<\/p>\n\n\n\n<hr class=\"wp-block-separator is-style-wide\"\/>\n\n\n\n<p><a rel=\"noreferrer noopener\" href=\"https:\/\/www.it.pt\/ITSites\/Index\/2\" target=\"_blank\"><span style=\"color:#1054c9\" class=\"tadv-color\">IT &#8211; Coimbra<\/span><\/a><\/p>\n<\/div>\n<\/div><\/div>\n","protected":false},"excerpt":{"rendered":"<p>IT \u2013 CoimbraDepartment of Electrical and Computer EngineeringP-3030-290 COIMBRA Phone: +351 239 796 236 Fax: +351 239 796 236 Email:\u00a0it@co.it.pt Team member contacts: Prof. Andr\u00e9 Mendes (Principal Investigator) : amsmendes@co.it.ptProf. Marina Perdig\u00e3o (co-Principal Investigator) : mperdigao@co.it.ptLu\u00eds Caseiro (main researcher) : lcaseiro@co.it.ptProf. S\u00e9rgio Cruz : smacruz@co.it.pt<\/p>\n","protected":false},"author":1,"featured_media":0,"parent":0,"menu_order":0,"comment_status":"closed","ping_status":"closed","template":"","meta":{"ngg_post_thumbnail":0},"uagb_featured_image_src":{"full":false,"thumbnail":false,"medium":false,"medium_large":false,"large":false,"1536x1536":false,"2048x2048":false,"hestia-blog":false,"team-thumb":false},"uagb_author_info":{"display_name":"admin","author_link":"https:\/\/drift.co.it.pt\/?author=1"},"uagb_comment_info":0,"uagb_excerpt":"IT \u2013 CoimbraDepartment of Electrical and Computer EngineeringP-3030-290 COIMBRA Phone: +351 239 796 236 Fax: +351 239 796 236 Email:\u00a0it@co.it.pt Team member contacts: Prof. Andr\u00e9 Mendes (Principal Investigator) : amsmendes@co.it.ptProf. Marina Perdig\u00e3o (co-Principal Investigator) : mperdigao@co.it.ptLu\u00eds Caseiro (main researcher) : lcaseiro@co.it.ptProf. S\u00e9rgio Cruz : smacruz@co.it.pt","_links":{"self":[{"href":"https:\/\/drift.co.it.pt\/index.php?rest_route=\/wp\/v2\/pages\/252"}],"collection":[{"href":"https:\/\/drift.co.it.pt\/index.php?rest_route=\/wp\/v2\/pages"}],"about":[{"href":"https:\/\/drift.co.it.pt\/index.php?rest_route=\/wp\/v2\/types\/page"}],"author":[{"embeddable":true,"href":"https:\/\/drift.co.it.pt\/index.php?rest_route=\/wp\/v2\/users\/1"}],"replies":[{"embeddable":true,"href":"https:\/\/drift.co.it.pt\/index.php?rest_route=%2Fwp%2Fv2%2Fcomments&post=252"}],"version-history":[{"count":50,"href":"https:\/\/drift.co.it.pt\/index.php?rest_route=\/wp\/v2\/pages\/252\/revisions"}],"predecessor-version":[{"id":903,"href":"https:\/\/drift.co.it.pt\/index.php?rest_route=\/wp\/v2\/pages\/252\/revisions\/903"}],"wp:attachment":[{"href":"https:\/\/drift.co.it.pt\/index.php?rest_route=%2Fwp%2Fv2%2Fmedia&parent=252"}],"curies":[{"name":"wp","href":"https:\/\/api.w.org\/{rel}","templated":true}]}}